{"id":1429,"date":"2021-03-21T10:59:45","date_gmt":"2021-03-21T09:59:45","guid":{"rendered":"https:\/\/pojilicehorvat.hr\/geschaeftspolitik\/"},"modified":"2021-03-23T14:18:46","modified_gmt":"2021-03-23T13:18:46","slug":"geschaeftspolitik","status":"publish","type":"page","link":"https:\/\/pojilicehorvat.hr\/de\/geschaeftspolitik\/","title":{"rendered":"Gesch\u00e4ftspolitik"},"content":{"rendered":"<p>[et_pb_section fb_built=&#8220;1&#8243; _builder_version=&#8220;4.9.0&#8243; _module_preset=&#8220;default&#8220; custom_padding=&#8220;35px||0px||false|&#8220;][et_pb_row _builder_version=&#8220;4.9.0&#8243; _module_preset=&#8220;default&#8220; custom_padding=&#8220;||35px||false|false&#8220; border_color_bottom=&#8220;rgba(23,23,23,0.17)&#8220;][et_pb_column type=&#8220;4_4&#8243; _builder_version=&#8220;4.9.0&#8243; _module_preset=&#8220;default&#8220;][et_pb_text _builder_version=&#8220;4.9.0&#8243; _module_preset=&#8220;default&#8220; custom_margin=&#8220;||20px|||&#8220;]<\/p>\n<p>W\u00e4hrend all dieser Jahre engagierter Arbeit haben wir Gesch\u00e4ftsbeziehungen und das Vertrauen zufriedener Kunden in der gesamten Region gewonnen. Dies sichert auch das Vertrauen neuer Kunden, das wir mit gleichbleibender Qualit\u00e4t unserer Produkte und einem hohen Ma\u00df an Zuverl\u00e4ssigkeit im Gesch\u00e4ft erreichen wollen.<\/p>\n<p>[\/et_pb_text][\/et_pb_column][\/et_pb_row][et_pb_row column_structure=&#8220;1_2,1_2&#8243; use_custom_gutter=&#8220;on&#8220; gutter_width=&#8220;1&#8243; make_equal=&#8220;on&#8220; _builder_version=&#8220;4.9.0&#8243; _module_preset=&#8220;default&#8220; width=&#8220;100%&#8220; custom_padding=&#8220;13px||0px|||&#8220;][et_pb_column type=&#8220;1_2&#8243; _builder_version=&#8220;4.9.0&#8243; _module_preset=&#8220;default&#8220; background_image=&#8220;https:\/\/pojilicehorvat.hr\/wp-content\/uploads\/2021\/03\/o-nama-bg.jpg&#8220;][\/et_pb_column][et_pb_column type=&#8220;1_2&#8243; _builder_version=&#8220;4.9.0&#8243; _module_preset=&#8220;default&#8220; background_color=&#8220;#284F35&#8243; custom_padding=&#8220;60px|50px|60px|50px|true|true&#8220; custom_padding_tablet=&#8220;50px|40px|50px|40px|true|true&#8220; custom_padding_phone=&#8220;|30px||30px|true|true&#8220; custom_padding_last_edited=&#8220;on|desktop&#8220;][et_pb_text _builder_version=&#8220;4.9.0&#8243; _module_preset=&#8220;default&#8220; header_text_align=&#8220;left&#8220; header_4_text_align=&#8220;left&#8220; header_4_text_color=&#8220;#FFFFFF&#8220; custom_margin=&#8220;||12px|||&#8220;]<\/p>\n<h4>\u00dcber uns<\/h4>\n<p>[\/et_pb_text][et_pb_text _builder_version=&#8220;4.9.2&#8243; _module_preset=&#8220;default&#8220; text_font=&#8220;|300|||||||&#8220; text_text_color=&#8220;#FFFFFF&#8220; hover_enabled=&#8220;0&#8243; sticky_enabled=&#8220;0&#8243;]<\/p>\n<p>Der Maschinenbau \u201eHorvat\u201c begann bereits 1999 mit der Herstellung von Ger\u00e4ten f\u00fcr die Tierhaltung. In diesen Jahren haben wir begonnen, Trinker f\u00fcr die F\u00fctterung von Rindern herzustellen. Von Anfang an haben wir nur wenige Produkte aus dem heutigen Angebot hergestellt. Dank st\u00e4ndiger Investitionen in die technologische Entwicklung und der Ber\u00fccksichtigung der Bed\u00fcrfnisse des Marktes und der von den Kunden anerkannten Qualit\u00e4t bieten wir heute eine vollst\u00e4ndige Produktpalette f\u00fcr die F\u00fctterung von Rindern, Pferden, Schweinen, Schafen und Ziegen.<\/p>\n<p>[\/et_pb_text][\/et_pb_column][\/et_pb_row][\/et_pb_section]<\/p>\n","protected":false},"excerpt":{"rendered":"<p>W\u00e4hrend all dieser Jahre engagierter Arbeit haben wir Gesch\u00e4ftsbeziehungen und das Vertrauen zufriedener Kunden in der gesamten Region gewonnen. Dies sichert auch das Vertrauen neuer Kunden, das wir mit gleichbleibender Qualit\u00e4t unserer Produkte und einem hohen Ma\u00df an Zuverl\u00e4ssigkeit im Gesch\u00e4ft erreichen wollen.\u00dcber unsDer Maschinenbau \u201eHorvat\u201c begann bereits 1999 mit der Herstellung von Ger\u00e4ten f\u00fcr [&hellip;]<\/p>\n","protected":false},"author":2,"featured_media":0,"parent":0,"menu_order":0,"comment_status":"closed","ping_status":"closed","template":"","meta":{"_et_pb_use_builder":"on","_et_pb_old_content":"","_et_gb_content_width":"","footnotes":""},"dipi_cpt_category":[],"class_list":["post-1429","page","type-page","status-publish","hentry"],"yoast_head":"<!-- This site is optimized with the Yoast SEO plugin v25.4 - https:\/\/yoast.com\/wordpress\/plugins\/seo\/ -->\n<title>Gesch\u00e4ftspolitik &#8226; Pojilice HORVAT<\/title>\n<meta name=\"robots\" content=\"index, follow, max-snippet:-1, max-image-preview:large, max-video-preview:-1\" \/>\n<link rel=\"canonical\" href=\"https:\/\/pojilicehorvat.hr\/de\/geschaeftspolitik\/\" \/>\n<meta property=\"og:locale\" content=\"de_DE\" \/>\n<meta property=\"og:type\" content=\"article\" \/>\n<meta property=\"og:title\" content=\"Gesch\u00e4ftspolitik &#8226; Pojilice HORVAT\" \/>\n<meta property=\"og:description\" content=\"W\u00e4hrend all dieser Jahre engagierter Arbeit haben wir Gesch\u00e4ftsbeziehungen und das Vertrauen zufriedener Kunden in der gesamten Region gewonnen. Dies sichert auch das Vertrauen neuer Kunden, das wir mit gleichbleibender Qualit\u00e4t unserer Produkte und einem hohen Ma\u00df an Zuverl\u00e4ssigkeit im Gesch\u00e4ft erreichen wollen.\u00dcber unsDer Maschinenbau \u201eHorvat\u201c begann bereits 1999 mit der Herstellung von Ger\u00e4ten f\u00fcr [&hellip;]\" \/>\n<meta property=\"og:url\" content=\"https:\/\/pojilicehorvat.hr\/de\/geschaeftspolitik\/\" \/>\n<meta property=\"og:site_name\" content=\"Pojilice HORVAT\" \/>\n<meta property=\"article:modified_time\" content=\"2021-03-23T13:18:46+00:00\" \/>\n<meta name=\"twitter:card\" content=\"summary_large_image\" \/>\n<meta name=\"twitter:label1\" content=\"Gesch\u00e4tzte Lesezeit\" \/>\n\t<meta name=\"twitter:data1\" content=\"2\u00a0Minuten\" \/>\n<script type=\"application\/ld+json\" class=\"yoast-schema-graph\">{\"@context\":\"https:\/\/schema.org\",\"@graph\":[{\"@type\":\"WebPage\",\"@id\":\"https:\/\/pojilicehorvat.hr\/de\/geschaeftspolitik\/\",\"url\":\"https:\/\/pojilicehorvat.hr\/de\/geschaeftspolitik\/\",\"name\":\"Gesch\u00e4ftspolitik &#8226; Pojilice HORVAT\",\"isPartOf\":{\"@id\":\"https:\/\/pojilicehorvat.hr\/de\/#website\"},\"datePublished\":\"2021-03-21T09:59:45+00:00\",\"dateModified\":\"2021-03-23T13:18:46+00:00\",\"breadcrumb\":{\"@id\":\"https:\/\/pojilicehorvat.hr\/de\/geschaeftspolitik\/#breadcrumb\"},\"inLanguage\":\"de\",\"potentialAction\":[{\"@type\":\"ReadAction\",\"target\":[\"https:\/\/pojilicehorvat.hr\/de\/geschaeftspolitik\/\"]}]},{\"@type\":\"BreadcrumbList\",\"@id\":\"https:\/\/pojilicehorvat.hr\/de\/geschaeftspolitik\/#breadcrumb\",\"itemListElement\":[{\"@type\":\"ListItem\",\"position\":1,\"name\":\"Po\u010detna stranica\",\"item\":\"https:\/\/pojilicehorvat.hr\/de\/\"},{\"@type\":\"ListItem\",\"position\":2,\"name\":\"Gesch\u00e4ftspolitik\"}]},{\"@type\":\"WebSite\",\"@id\":\"https:\/\/pojilicehorvat.hr\/de\/#website\",\"url\":\"https:\/\/pojilicehorvat.hr\/de\/\",\"name\":\"Pojilice HORVAT\",\"description\":\"Proizvodnja opreme za sto\u010darstvo\",\"publisher\":{\"@id\":\"https:\/\/pojilicehorvat.hr\/de\/#organization\"},\"potentialAction\":[{\"@type\":\"SearchAction\",\"target\":{\"@type\":\"EntryPoint\",\"urlTemplate\":\"https:\/\/pojilicehorvat.hr\/de\/?s={search_term_string}\"},\"query-input\":{\"@type\":\"PropertyValueSpecification\",\"valueRequired\":true,\"valueName\":\"search_term_string\"}}],\"inLanguage\":\"de\"},{\"@type\":\"Organization\",\"@id\":\"https:\/\/pojilicehorvat.hr\/de\/#organization\",\"name\":\"Pojilice HORVAT\",\"url\":\"https:\/\/pojilicehorvat.hr\/de\/\",\"logo\":{\"@type\":\"ImageObject\",\"inLanguage\":\"de\",\"@id\":\"https:\/\/pojilicehorvat.hr\/de\/#\/schema\/logo\/image\/\",\"url\":\"https:\/\/pojilicehorvat.hr\/wp-content\/uploads\/2021\/03\/LOGO-Pojilice-Horvat.svg\",\"contentUrl\":\"https:\/\/pojilicehorvat.hr\/wp-content\/uploads\/2021\/03\/LOGO-Pojilice-Horvat.svg\",\"width\":1,\"height\":1,\"caption\":\"Pojilice HORVAT\"},\"image\":{\"@id\":\"https:\/\/pojilicehorvat.hr\/de\/#\/schema\/logo\/image\/\"}}]}<\/script>\n<!-- \/ Yoast SEO plugin. -->","yoast_head_json":{"title":"Gesch\u00e4ftspolitik &#8226; Pojilice HORVAT","robots":{"index":"index","follow":"follow","max-snippet":"max-snippet:-1","max-image-preview":"max-image-preview:large","max-video-preview":"max-video-preview:-1"},"canonical":"https:\/\/pojilicehorvat.hr\/de\/geschaeftspolitik\/","og_locale":"de_DE","og_type":"article","og_title":"Gesch\u00e4ftspolitik &#8226; Pojilice HORVAT","og_description":"W\u00e4hrend all dieser Jahre engagierter Arbeit haben wir Gesch\u00e4ftsbeziehungen und das Vertrauen zufriedener Kunden in der gesamten Region gewonnen. Dies sichert auch das Vertrauen neuer Kunden, das wir mit gleichbleibender Qualit\u00e4t unserer Produkte und einem hohen Ma\u00df an Zuverl\u00e4ssigkeit im Gesch\u00e4ft erreichen wollen.\u00dcber unsDer Maschinenbau \u201eHorvat\u201c begann bereits 1999 mit der Herstellung von Ger\u00e4ten f\u00fcr [&hellip;]","og_url":"https:\/\/pojilicehorvat.hr\/de\/geschaeftspolitik\/","og_site_name":"Pojilice HORVAT","article_modified_time":"2021-03-23T13:18:46+00:00","twitter_card":"summary_large_image","twitter_misc":{"Gesch\u00e4tzte Lesezeit":"2\u00a0Minuten"},"schema":{"@context":"https:\/\/schema.org","@graph":[{"@type":"WebPage","@id":"https:\/\/pojilicehorvat.hr\/de\/geschaeftspolitik\/","url":"https:\/\/pojilicehorvat.hr\/de\/geschaeftspolitik\/","name":"Gesch\u00e4ftspolitik &#8226; Pojilice HORVAT","isPartOf":{"@id":"https:\/\/pojilicehorvat.hr\/de\/#website"},"datePublished":"2021-03-21T09:59:45+00:00","dateModified":"2021-03-23T13:18:46+00:00","breadcrumb":{"@id":"https:\/\/pojilicehorvat.hr\/de\/geschaeftspolitik\/#breadcrumb"},"inLanguage":"de","potentialAction":[{"@type":"ReadAction","target":["https:\/\/pojilicehorvat.hr\/de\/geschaeftspolitik\/"]}]},{"@type":"BreadcrumbList","@id":"https:\/\/pojilicehorvat.hr\/de\/geschaeftspolitik\/#breadcrumb","itemListElement":[{"@type":"ListItem","position":1,"name":"Po\u010detna stranica","item":"https:\/\/pojilicehorvat.hr\/de\/"},{"@type":"ListItem","position":2,"name":"Gesch\u00e4ftspolitik"}]},{"@type":"WebSite","@id":"https:\/\/pojilicehorvat.hr\/de\/#website","url":"https:\/\/pojilicehorvat.hr\/de\/","name":"Pojilice HORVAT","description":"Proizvodnja opreme za sto\u010darstvo","publisher":{"@id":"https:\/\/pojilicehorvat.hr\/de\/#organization"},"potentialAction":[{"@type":"SearchAction","target":{"@type":"EntryPoint","urlTemplate":"https:\/\/pojilicehorvat.hr\/de\/?s={search_term_string}"},"query-input":{"@type":"PropertyValueSpecification","valueRequired":true,"valueName":"search_term_string"}}],"inLanguage":"de"},{"@type":"Organization","@id":"https:\/\/pojilicehorvat.hr\/de\/#organization","name":"Pojilice HORVAT","url":"https:\/\/pojilicehorvat.hr\/de\/","logo":{"@type":"ImageObject","inLanguage":"de","@id":"https:\/\/pojilicehorvat.hr\/de\/#\/schema\/logo\/image\/","url":"https:\/\/pojilicehorvat.hr\/wp-content\/uploads\/2021\/03\/LOGO-Pojilice-Horvat.svg","contentUrl":"https:\/\/pojilicehorvat.hr\/wp-content\/uploads\/2021\/03\/LOGO-Pojilice-Horvat.svg","width":1,"height":1,"caption":"Pojilice HORVAT"},"image":{"@id":"https:\/\/pojilicehorvat.hr\/de\/#\/schema\/logo\/image\/"}}]}},"_links":{"self":[{"href":"https:\/\/pojilicehorvat.hr\/de\/wp-json\/wp\/v2\/pages\/1429","targetHints":{"allow":["GET"]}}],"collection":[{"href":"https:\/\/pojilicehorvat.hr\/de\/wp-json\/wp\/v2\/pages"}],"about":[{"href":"https:\/\/pojilicehorvat.hr\/de\/wp-json\/wp\/v2\/types\/page"}],"author":[{"embeddable":true,"href":"https:\/\/pojilicehorvat.hr\/de\/wp-json\/wp\/v2\/users\/2"}],"replies":[{"embeddable":true,"href":"https:\/\/pojilicehorvat.hr\/de\/wp-json\/wp\/v2\/comments?post=1429"}],"version-history":[{"count":6,"href":"https:\/\/pojilicehorvat.hr\/de\/wp-json\/wp\/v2\/pages\/1429\/revisions"}],"predecessor-version":[{"id":1593,"href":"https:\/\/pojilicehorvat.hr\/de\/wp-json\/wp\/v2\/pages\/1429\/revisions\/1593"}],"wp:attachment":[{"href":"https:\/\/pojilicehorvat.hr\/de\/wp-json\/wp\/v2\/media?parent=1429"}],"wp:term":[{"taxonomy":"dipi_cpt_category","embeddable":true,"href":"https:\/\/pojilicehorvat.hr\/de\/wp-json\/wp\/v2\/dipi_cpt_category?post=1429"}],"curies":[{"name":"wp","href":"https:\/\/api.w.org\/{rel}","templated":true}]}}