{"id":1417,"date":"2021-03-21T10:54:49","date_gmt":"2021-03-21T09:54:49","guid":{"rendered":"https:\/\/pojilicehorvat.hr\/kontakt\/"},"modified":"2022-06-16T13:20:13","modified_gmt":"2022-06-16T11:20:13","slug":"kontakt","status":"publish","type":"page","link":"https:\/\/pojilicehorvat.hr\/de\/kontakt\/","title":{"rendered":"Kontakt"},"content":{"rendered":"<p>[et_pb_section fb_built=&#8220;1&#8243; _builder_version=&#8220;4.16&#8243; _module_preset=&#8220;default&#8220; custom_padding=&#8220;35px||0px||false|&#8220; global_colors_info=&#8220;{}&#8220;][et_pb_row _builder_version=&#8220;4.16&#8243; _module_preset=&#8220;default&#8220; custom_padding=&#8220;||40px||false|false&#8220; border_color_bottom=&#8220;rgba(23,23,23,0.17)&#8220; global_colors_info=&#8220;{}&#8220;][et_pb_column type=&#8220;4_4&#8243; _builder_version=&#8220;4.16&#8243; _module_preset=&#8220;default&#8220; global_colors_info=&#8220;{}&#8220;][et_pb_text _builder_version=&#8220;4.16&#8243; _module_preset=&#8220;default&#8220; header_3_font_size=&#8220;27px&#8220; header_3_line_height=&#8220;1.4em&#8220; text_orientation=&#8220;center&#8220; global_colors_info=&#8220;{}&#8220;]<\/p>\n<h3>STROJARSKI OBRT &#8222;HORVAT&#8220;<\/h3>\n<p>vl. Marijan Horvat<br \/>OIB: 36811271417<\/p>\n<p>[\/et_pb_text][\/et_pb_column][\/et_pb_row][et_pb_row column_structure=&#8220;1_3,1_3,1_3&#8243; _builder_version=&#8220;4.16&#8243; _module_preset=&#8220;default&#8220; custom_padding=&#8220;||36px||false|false&#8220; border_color_bottom=&#8220;rgba(23,23,23,0.17)&#8220; global_colors_info=&#8220;{}&#8220;][et_pb_column type=&#8220;1_3&#8243; _builder_version=&#8220;4.16&#8243; _module_preset=&#8220;default&#8220; global_colors_info=&#8220;{}&#8220;][et_pb_text _builder_version=&#8220;4.16&#8243; _module_preset=&#8220;default&#8220; header_3_text_align=&#8220;center&#8220; header_3_text_color=&#8220;#111111&#8243; header_3_font_size=&#8220;24px&#8220; custom_margin=&#8220;||4px|||&#8220; global_colors_info=&#8220;{}&#8220;]<\/p>\n<h3>Adresse<\/h3>\n<p>[\/et_pb_text][et_pb_text _builder_version=&#8220;4.16&#8243; _module_preset=&#8220;default&#8220; text_orientation=&#8220;center&#8220; global_colors_info=&#8220;{}&#8220;]<\/p>\n<p>Vara\u017edinska 62<br \/>Gornje Vratno<br \/>42208 Partikel<\/p>\n<p>[\/et_pb_text][\/et_pb_column][et_pb_column type=&#8220;1_3&#8243; _builder_version=&#8220;4.16&#8243; _module_preset=&#8220;default&#8220; border_width_right=&#8220;1px&#8220; border_color_right=&#8220;rgba(23,23,23,0.2)&#8220; border_width_left=&#8220;1px&#8220; border_color_left=&#8220;rgba(23,23,23,0.2)&#8220; border_width_right_tablet=&#8220;0px&#8220; border_width_right_phone=&#8220;&#8220; border_width_right_last_edited=&#8220;on|tablet&#8220; border_width_left_tablet=&#8220;0px&#8220; border_width_left_phone=&#8220;&#8220; border_width_left_last_edited=&#8220;on|desktop&#8220; global_colors_info=&#8220;{}&#8220;][et_pb_text _builder_version=&#8220;4.16&#8243; _module_preset=&#8220;default&#8220; header_3_text_align=&#8220;center&#8220; header_3_text_color=&#8220;#111111&#8243; header_3_font_size=&#8220;24px&#8220; custom_margin=&#8220;||4px|||&#8220; global_colors_info=&#8220;{}&#8220;]<\/p>\n<h3>Telefon<\/h3>\n<p>[\/et_pb_text][et_pb_text _builder_version=&#8220;4.16&#8243; _module_preset=&#8220;default&#8220; text_orientation=&#8220;center&#8220; global_colors_info=&#8220;{}&#8220;]<\/p>\n<p>+385 42 724 537<br \/>+385 98 377 053<br \/>+ 385 98 165 2560<\/p>\n<p>[\/et_pb_text][\/et_pb_column][et_pb_column type=&#8220;1_3&#8243; _builder_version=&#8220;4.16&#8243; _module_preset=&#8220;default&#8220; global_colors_info=&#8220;{}&#8220;][et_pb_text _builder_version=&#8220;4.16&#8243; _module_preset=&#8220;default&#8220; header_3_text_align=&#8220;center&#8220; header_3_text_color=&#8220;#111111&#8243; header_3_font_size=&#8220;24px&#8220; custom_margin=&#8220;||4px|||&#8220; global_colors_info=&#8220;{}&#8220;]<\/p>\n<h3>Email<\/h3>\n<p>[\/et_pb_text][et_pb_text _builder_version=&#8220;4.16&#8243; _module_preset=&#8220;default&#8220; text_orientation=&#8220;center&#8220; global_colors_info=&#8220;{}&#8220;]<\/p>\n<p><a href=\"mailto:info@pojilicehorvat.hr\">info@pojilicehorvat.hr<\/a><\/p>\n<p>[\/et_pb_text][\/et_pb_column][\/et_pb_row][\/et_pb_section][et_pb_section fb_built=&#8220;1&#8243; _builder_version=&#8220;4.16&#8243; _module_preset=&#8220;default&#8220; custom_padding=&#8220;0px||40px|||&#8220; global_colors_info=&#8220;{}&#8220;][et_pb_row _builder_version=&#8220;4.16&#8243; _module_preset=&#8220;default&#8220; global_colors_info=&#8220;{}&#8220;][et_pb_column type=&#8220;4_4&#8243; _builder_version=&#8220;4.16&#8243; _module_preset=&#8220;default&#8220; global_colors_info=&#8220;{}&#8220;][et_pb_contact_form email=&#8220;info@pojilicehorvat.hr&#8220; custom_message=&#8220;Sie haben \u00fcber Ihre Website eine Nachricht erhalten von: || et_pb_line_break_holder || Name: %%Name%% || et_pb_line_break_holder || E-Mail: %%Email%% || et_pb_line_break_holder || Telefon: %%Telefon%% || et_pb_line_break_holder || Nachricht: %%Poruka%%&#8220; success_message=&#8220;Danke f\u00fcr den Kontakt. Wir werden Ihre Anfrage pr\u00fcfen und die Antwort so schnell wie m\u00f6glich senden.&#8220; submit_button_text=&#8220;senden&#8220; _builder_version=&#8220;4.17.4&#8243; _module_preset=&#8220;default&#8220; _unique_id=&#8220;33067635-09a3-4846-8261-83971a9e0e3f&#8220; form_field_background_color=&#8220;rgba(60,154,27,0.06)&#8220; form_field_font_size=&#8220;16px&#8220; custom_padding=&#8220;||||false|false&#8220; hover_enabled=&#8220;0&#8243; border_width_all=&#8220;1px&#8220; border_color_all=&#8220;rgba(60,154,27,0.14)&#8220; global_colors_info=&#8220;{}&#8220; use_spam_service=&#8220;on&#8220; recaptcha_list=&#8220;pojilicehorvathr|pojilicehorvathr-0&#8243; sticky_enabled=&#8220;0&#8243;][et_pb_contact_field field_id=&#8220;Name&#8220; field_title=&#8220;Vor- und Nachname \/ Name des Unternehmens, Gewerbes *&#8220; _builder_version=&#8220;4.16&#8243; global_colors_info=&#8220;{}&#8220; button_text_size__hover_enabled=&#8220;off&#8220; button_one_text_size__hover_enabled=&#8220;off&#8220; button_two_text_size__hover_enabled=&#8220;off&#8220; button_text_color__hover_enabled=&#8220;off&#8220; button_one_text_color__hover_enabled=&#8220;off&#8220; button_two_text_color__hover_enabled=&#8220;off&#8220; button_border_width__hover_enabled=&#8220;off&#8220; button_one_border_width__hover_enabled=&#8220;off&#8220; button_two_border_width__hover_enabled=&#8220;off&#8220; button_border_color__hover_enabled=&#8220;off&#8220; button_one_border_color__hover_enabled=&#8220;off&#8220; button_two_border_color__hover_enabled=&#8220;off&#8220; button_border_radius__hover_enabled=&#8220;off&#8220; button_one_border_radius__hover_enabled=&#8220;off&#8220; button_two_border_radius__hover_enabled=&#8220;off&#8220; button_letter_spacing__hover_enabled=&#8220;off&#8220; button_one_letter_spacing__hover_enabled=&#8220;off&#8220; button_two_letter_spacing__hover_enabled=&#8220;off&#8220; button_bg_color__hover_enabled=&#8220;off&#8220; button_one_bg_color__hover_enabled=&#8220;off&#8220; button_two_bg_color__hover_enabled=&#8220;off&#8220;][\/et_pb_contact_field][et_pb_contact_field field_id=&#8220;Email&#8220; field_title=&#8220;E-Mail-Addresse *&#8220; field_type=&#8220;email&#8220; _builder_version=&#8220;4.16&#8243; global_colors_info=&#8220;{}&#8220; button_text_size__hover_enabled=&#8220;off&#8220; button_one_text_size__hover_enabled=&#8220;off&#8220; button_two_text_size__hover_enabled=&#8220;off&#8220; button_text_color__hover_enabled=&#8220;off&#8220; button_one_text_color__hover_enabled=&#8220;off&#8220; button_two_text_color__hover_enabled=&#8220;off&#8220; button_border_width__hover_enabled=&#8220;off&#8220; button_one_border_width__hover_enabled=&#8220;off&#8220; button_two_border_width__hover_enabled=&#8220;off&#8220; button_border_color__hover_enabled=&#8220;off&#8220; button_one_border_color__hover_enabled=&#8220;off&#8220; button_two_border_color__hover_enabled=&#8220;off&#8220; button_border_radius__hover_enabled=&#8220;off&#8220; button_one_border_radius__hover_enabled=&#8220;off&#8220; button_two_border_radius__hover_enabled=&#8220;off&#8220; button_letter_spacing__hover_enabled=&#8220;off&#8220; button_one_letter_spacing__hover_enabled=&#8220;off&#8220; button_two_letter_spacing__hover_enabled=&#8220;off&#8220; button_bg_color__hover_enabled=&#8220;off&#8220; button_one_bg_color__hover_enabled=&#8220;off&#8220; button_two_bg_color__hover_enabled=&#8220;off&#8220;][\/et_pb_contact_field][et_pb_contact_field field_id=&#8220;Telefon&#8220; field_title=&#8220;Tel. Nummer&#8220; required_mark=&#8220;off&#8220; _builder_version=&#8220;4.16&#8243; global_colors_info=&#8220;{}&#8220; button_text_size__hover_enabled=&#8220;off&#8220; button_one_text_size__hover_enabled=&#8220;off&#8220; button_two_text_size__hover_enabled=&#8220;off&#8220; button_text_color__hover_enabled=&#8220;off&#8220; button_one_text_color__hover_enabled=&#8220;off&#8220; button_two_text_color__hover_enabled=&#8220;off&#8220; button_border_width__hover_enabled=&#8220;off&#8220; button_one_border_width__hover_enabled=&#8220;off&#8220; button_two_border_width__hover_enabled=&#8220;off&#8220; button_border_color__hover_enabled=&#8220;off&#8220; button_one_border_color__hover_enabled=&#8220;off&#8220; button_two_border_color__hover_enabled=&#8220;off&#8220; button_border_radius__hover_enabled=&#8220;off&#8220; button_one_border_radius__hover_enabled=&#8220;off&#8220; button_two_border_radius__hover_enabled=&#8220;off&#8220; button_letter_spacing__hover_enabled=&#8220;off&#8220; button_one_letter_spacing__hover_enabled=&#8220;off&#8220; button_two_letter_spacing__hover_enabled=&#8220;off&#8220; button_bg_color__hover_enabled=&#8220;off&#8220; button_one_bg_color__hover_enabled=&#8220;off&#8220; button_two_bg_color__hover_enabled=&#8220;off&#8220;][\/et_pb_contact_field][et_pb_contact_field field_id=&#8220;Poruka&#8220; field_title=&#8220;Anfrage \/ Nachricht *&#8220; field_type=&#8220;text&#8220; fullwidth_field=&#8220;on&#8220; _builder_version=&#8220;4.16&#8243; global_colors_info=&#8220;{}&#8220; button_text_size__hover_enabled=&#8220;off&#8220; button_one_text_size__hover_enabled=&#8220;off&#8220; button_two_text_size__hover_enabled=&#8220;off&#8220; button_text_color__hover_enabled=&#8220;off&#8220; button_one_text_color__hover_enabled=&#8220;off&#8220; button_two_text_color__hover_enabled=&#8220;off&#8220; button_border_width__hover_enabled=&#8220;off&#8220; button_one_border_width__hover_enabled=&#8220;off&#8220; button_two_border_width__hover_enabled=&#8220;off&#8220; button_border_color__hover_enabled=&#8220;off&#8220; button_one_border_color__hover_enabled=&#8220;off&#8220; button_two_border_color__hover_enabled=&#8220;off&#8220; button_border_radius__hover_enabled=&#8220;off&#8220; button_one_border_radius__hover_enabled=&#8220;off&#8220; button_two_border_radius__hover_enabled=&#8220;off&#8220; button_letter_spacing__hover_enabled=&#8220;off&#8220; button_one_letter_spacing__hover_enabled=&#8220;off&#8220; button_two_letter_spacing__hover_enabled=&#8220;off&#8220; button_bg_color__hover_enabled=&#8220;off&#8220; button_one_bg_color__hover_enabled=&#8220;off&#8220; button_two_bg_color__hover_enabled=&#8220;off&#8220;][\/et_pb_contact_field][\/et_pb_contact_form][\/et_pb_column][\/et_pb_row][\/et_pb_section][et_pb_section fb_built=&#8220;1&#8243; fullwidth=&#8220;on&#8220; _builder_version=&#8220;4.16&#8243; _module_preset=&#8220;default&#8220; global_colors_info=&#8220;{}&#8220;][et_pb_fullwidth_map address=&#8220;46.356794, 16.151113&#8243; zoom_level=&#8220;10&#8243; address_lat=&#8220;46.3565414&#8243; address_lng=&#8220;16.1507806&#8243; mouse_wheel=&#8220;off&#8220; _builder_version=&#8220;4.16&#8243; _module_preset=&#8220;default&#8220; width=&#8220;100%&#8220; height=&#8220;478px&#8220; global_colors_info=&#8220;{}&#8220;][et_pb_map_pin title=&#8220;Trinker HORVAT&#8220; pin_address=&#8220;46.356794, 16.151113&#8243; pin_address_lat=&#8220;46.3565414&#8243; pin_address_lng=&#8220;16.1507806&#8243; _builder_version=&#8220;4.9.2&#8243; _module_preset=&#8220;default&#8220; global_colors_info=&#8220;{}&#8220;][\/et_pb_map_pin][\/et_pb_fullwidth_map][\/et_pb_section]<\/p>\n","protected":false},"excerpt":{"rendered":"<p>STROJARSKI OBRT &#8222;HORVAT&#8220; vl. Marijan HorvatOIB: 36811271417AdresseVara\u017edinska 62Gornje Vratno42208 PartikelTelefon+385 42 724 537+385 98 377 053+ 385 98 165 2560Emailinfo@pojilicehorvat.hr<\/p>\n","protected":false},"author":2,"featured_media":0,"parent":0,"menu_order":0,"comment_status":"closed","ping_status":"closed","template":"","meta":{"_et_pb_use_builder":"on","_et_pb_old_content":"","_et_gb_content_width":"","footnotes":""},"dipi_cpt_category":[],"class_list":["post-1417","page","type-page","status-publish","hentry"],"yoast_head":"<!-- This site is optimized with the Yoast SEO plugin v25.4 - https:\/\/yoast.com\/wordpress\/plugins\/seo\/ -->\n<title>Kontakt &#8226; Pojilice HORVAT<\/title>\n<meta name=\"robots\" content=\"index, follow, max-snippet:-1, max-image-preview:large, max-video-preview:-1\" \/>\n<link rel=\"canonical\" href=\"https:\/\/pojilicehorvat.hr\/de\/kontakt\/\" \/>\n<meta property=\"og:locale\" content=\"de_DE\" \/>\n<meta property=\"og:type\" content=\"article\" \/>\n<meta property=\"og:title\" content=\"Kontakt &#8226; Pojilice HORVAT\" \/>\n<meta property=\"og:description\" content=\"STROJARSKI OBRT &quot;HORVAT&quot; vl. Marijan HorvatOIB: 36811271417AdresseVara\u017edinska 62Gornje Vratno42208 PartikelTelefon+385 42 724 537+385 98 377 053+ 385 98 165 2560Emailinfo@pojilicehorvat.hr\" \/>\n<meta property=\"og:url\" content=\"https:\/\/pojilicehorvat.hr\/de\/kontakt\/\" \/>\n<meta property=\"og:site_name\" content=\"Pojilice HORVAT\" \/>\n<meta property=\"article:modified_time\" content=\"2022-06-16T11:20:13+00:00\" \/>\n<meta name=\"twitter:card\" content=\"summary_large_image\" \/>\n<meta name=\"twitter:label1\" content=\"Gesch\u00e4tzte Lesezeit\" \/>\n\t<meta name=\"twitter:data1\" content=\"6\u00a0Minuten\" \/>\n<script type=\"application\/ld+json\" class=\"yoast-schema-graph\">{\"@context\":\"https:\/\/schema.org\",\"@graph\":[{\"@type\":\"WebPage\",\"@id\":\"https:\/\/pojilicehorvat.hr\/de\/kontakt\/\",\"url\":\"https:\/\/pojilicehorvat.hr\/de\/kontakt\/\",\"name\":\"Kontakt &#8226; Pojilice HORVAT\",\"isPartOf\":{\"@id\":\"https:\/\/pojilicehorvat.hr\/de\/#website\"},\"datePublished\":\"2021-03-21T09:54:49+00:00\",\"dateModified\":\"2022-06-16T11:20:13+00:00\",\"breadcrumb\":{\"@id\":\"https:\/\/pojilicehorvat.hr\/de\/kontakt\/#breadcrumb\"},\"inLanguage\":\"de\",\"potentialAction\":[{\"@type\":\"ReadAction\",\"target\":[\"https:\/\/pojilicehorvat.hr\/de\/kontakt\/\"]}]},{\"@type\":\"BreadcrumbList\",\"@id\":\"https:\/\/pojilicehorvat.hr\/de\/kontakt\/#breadcrumb\",\"itemListElement\":[{\"@type\":\"ListItem\",\"position\":1,\"name\":\"Po\u010detna stranica\",\"item\":\"https:\/\/pojilicehorvat.hr\/de\/\"},{\"@type\":\"ListItem\",\"position\":2,\"name\":\"Kontakt\"}]},{\"@type\":\"WebSite\",\"@id\":\"https:\/\/pojilicehorvat.hr\/de\/#website\",\"url\":\"https:\/\/pojilicehorvat.hr\/de\/\",\"name\":\"Pojilice HORVAT\",\"description\":\"Proizvodnja opreme za sto\u010darstvo\",\"publisher\":{\"@id\":\"https:\/\/pojilicehorvat.hr\/de\/#organization\"},\"potentialAction\":[{\"@type\":\"SearchAction\",\"target\":{\"@type\":\"EntryPoint\",\"urlTemplate\":\"https:\/\/pojilicehorvat.hr\/de\/?s={search_term_string}\"},\"query-input\":{\"@type\":\"PropertyValueSpecification\",\"valueRequired\":true,\"valueName\":\"search_term_string\"}}],\"inLanguage\":\"de\"},{\"@type\":\"Organization\",\"@id\":\"https:\/\/pojilicehorvat.hr\/de\/#organization\",\"name\":\"Pojilice HORVAT\",\"url\":\"https:\/\/pojilicehorvat.hr\/de\/\",\"logo\":{\"@type\":\"ImageObject\",\"inLanguage\":\"de\",\"@id\":\"https:\/\/pojilicehorvat.hr\/de\/#\/schema\/logo\/image\/\",\"url\":\"https:\/\/pojilicehorvat.hr\/wp-content\/uploads\/2021\/03\/LOGO-Pojilice-Horvat.svg\",\"contentUrl\":\"https:\/\/pojilicehorvat.hr\/wp-content\/uploads\/2021\/03\/LOGO-Pojilice-Horvat.svg\",\"width\":1,\"height\":1,\"caption\":\"Pojilice HORVAT\"},\"image\":{\"@id\":\"https:\/\/pojilicehorvat.hr\/de\/#\/schema\/logo\/image\/\"}}]}<\/script>\n<!-- \/ Yoast SEO plugin. -->","yoast_head_json":{"title":"Kontakt &#8226; Pojilice HORVAT","robots":{"index":"index","follow":"follow","max-snippet":"max-snippet:-1","max-image-preview":"max-image-preview:large","max-video-preview":"max-video-preview:-1"},"canonical":"https:\/\/pojilicehorvat.hr\/de\/kontakt\/","og_locale":"de_DE","og_type":"article","og_title":"Kontakt &#8226; Pojilice HORVAT","og_description":"STROJARSKI OBRT \"HORVAT\" vl. Marijan HorvatOIB: 36811271417AdresseVara\u017edinska 62Gornje Vratno42208 PartikelTelefon+385 42 724 537+385 98 377 053+ 385 98 165 2560Emailinfo@pojilicehorvat.hr","og_url":"https:\/\/pojilicehorvat.hr\/de\/kontakt\/","og_site_name":"Pojilice HORVAT","article_modified_time":"2022-06-16T11:20:13+00:00","twitter_card":"summary_large_image","twitter_misc":{"Gesch\u00e4tzte Lesezeit":"6\u00a0Minuten"},"schema":{"@context":"https:\/\/schema.org","@graph":[{"@type":"WebPage","@id":"https:\/\/pojilicehorvat.hr\/de\/kontakt\/","url":"https:\/\/pojilicehorvat.hr\/de\/kontakt\/","name":"Kontakt &#8226; Pojilice HORVAT","isPartOf":{"@id":"https:\/\/pojilicehorvat.hr\/de\/#website"},"datePublished":"2021-03-21T09:54:49+00:00","dateModified":"2022-06-16T11:20:13+00:00","breadcrumb":{"@id":"https:\/\/pojilicehorvat.hr\/de\/kontakt\/#breadcrumb"},"inLanguage":"de","potentialAction":[{"@type":"ReadAction","target":["https:\/\/pojilicehorvat.hr\/de\/kontakt\/"]}]},{"@type":"BreadcrumbList","@id":"https:\/\/pojilicehorvat.hr\/de\/kontakt\/#breadcrumb","itemListElement":[{"@type":"ListItem","position":1,"name":"Po\u010detna stranica","item":"https:\/\/pojilicehorvat.hr\/de\/"},{"@type":"ListItem","position":2,"name":"Kontakt"}]},{"@type":"WebSite","@id":"https:\/\/pojilicehorvat.hr\/de\/#website","url":"https:\/\/pojilicehorvat.hr\/de\/","name":"Pojilice HORVAT","description":"Proizvodnja opreme za sto\u010darstvo","publisher":{"@id":"https:\/\/pojilicehorvat.hr\/de\/#organization"},"potentialAction":[{"@type":"SearchAction","target":{"@type":"EntryPoint","urlTemplate":"https:\/\/pojilicehorvat.hr\/de\/?s={search_term_string}"},"query-input":{"@type":"PropertyValueSpecification","valueRequired":true,"valueName":"search_term_string"}}],"inLanguage":"de"},{"@type":"Organization","@id":"https:\/\/pojilicehorvat.hr\/de\/#organization","name":"Pojilice HORVAT","url":"https:\/\/pojilicehorvat.hr\/de\/","logo":{"@type":"ImageObject","inLanguage":"de","@id":"https:\/\/pojilicehorvat.hr\/de\/#\/schema\/logo\/image\/","url":"https:\/\/pojilicehorvat.hr\/wp-content\/uploads\/2021\/03\/LOGO-Pojilice-Horvat.svg","contentUrl":"https:\/\/pojilicehorvat.hr\/wp-content\/uploads\/2021\/03\/LOGO-Pojilice-Horvat.svg","width":1,"height":1,"caption":"Pojilice HORVAT"},"image":{"@id":"https:\/\/pojilicehorvat.hr\/de\/#\/schema\/logo\/image\/"}}]}},"_links":{"self":[{"href":"https:\/\/pojilicehorvat.hr\/de\/wp-json\/wp\/v2\/pages\/1417","targetHints":{"allow":["GET"]}}],"collection":[{"href":"https:\/\/pojilicehorvat.hr\/de\/wp-json\/wp\/v2\/pages"}],"about":[{"href":"https:\/\/pojilicehorvat.hr\/de\/wp-json\/wp\/v2\/types\/page"}],"author":[{"embeddable":true,"href":"https:\/\/pojilicehorvat.hr\/de\/wp-json\/wp\/v2\/users\/2"}],"replies":[{"embeddable":true,"href":"https:\/\/pojilicehorvat.hr\/de\/wp-json\/wp\/v2\/comments?post=1417"}],"version-history":[{"count":6,"href":"https:\/\/pojilicehorvat.hr\/de\/wp-json\/wp\/v2\/pages\/1417\/revisions"}],"predecessor-version":[{"id":1664,"href":"https:\/\/pojilicehorvat.hr\/de\/wp-json\/wp\/v2\/pages\/1417\/revisions\/1664"}],"wp:attachment":[{"href":"https:\/\/pojilicehorvat.hr\/de\/wp-json\/wp\/v2\/media?parent=1417"}],"wp:term":[{"taxonomy":"dipi_cpt_category","embeddable":true,"href":"https:\/\/pojilicehorvat.hr\/de\/wp-json\/wp\/v2\/dipi_cpt_category?post=1417"}],"curies":[{"name":"wp","href":"https:\/\/api.w.org\/{rel}","templated":true}]}}